{"id":1142,"date":"2022-05-06T15:10:26","date_gmt":"2022-05-06T13:10:26","guid":{"rendered":"https:\/\/ecstatic-williamson.82-165-223-183.plesk.page\/annecy\/?page_id=1142"},"modified":"2022-08-16T18:00:22","modified_gmt":"2022-08-16T16:00:22","slug":"video-surveillance","status":"publish","type":"page","link":"https:\/\/recursing-feistel.82-165-223-183.plesk.page\/annecy\/video-surveillance\/","title":{"rendered":"Vid\u00e9o surveillance \u00e0 Annecy"},"content":{"rendered":"\t\t<div data-elementor-type=\"wp-page\" data-elementor-id=\"1142\" class=\"elementor elementor-1142\">\n\t\t\t\t\t\t\t\t\t<section class=\"elementor-section elementor-top-section elementor-element elementor-element-cd78cfa elementor-section-height-min-height elementor-section-items-top elementor-section-boxed elementor-section-height-default\" data-id=\"cd78cfa\" data-element_type=\"section\" data-settings=\"{&quot;background_background&quot;:&quot;classic&quot;}\">\n\t\t\t\t\t\t\t<div class=\"elementor-background-overlay\"><\/div>\n\t\t\t\t\t\t\t<div class=\"elementor-container elementor-column-gap-default\">\n\t\t\t\t\t<div class=\"elementor-column elementor-col-100 elementor-top-column elementor-element elementor-element-3894763\" data-id=\"3894763\" data-element_type=\"column\">\n\t\t\t<div class=\"elementor-widget-wrap elementor-element-populated\">\n\t\t\t\t\t\t\t\t<div class=\"elementor-element elementor-element-01f13de elementor-position-top elementor-vertical-align-top elementor-widget elementor-widget-image-box\" data-id=\"01f13de\" data-element_type=\"widget\" data-widget_type=\"image-box.default\">\n\t\t\t\t<div class=\"elementor-widget-container\">\n\t\t\t<style>\/*! elementor - v3.7.4 - 31-08-2022 *\/\n.elementor-widget-image-box .elementor-image-box-content{width:100%}@media (min-width:768px){.elementor-widget-image-box.elementor-position-left .elementor-image-box-wrapper,.elementor-widget-image-box.elementor-position-right .elementor-image-box-wrapper{display:-webkit-box;display:-ms-flexbox;display:flex}.elementor-widget-image-box.elementor-position-right .elementor-image-box-wrapper{text-align:right;-webkit-box-orient:horizontal;-webkit-box-direction:reverse;-ms-flex-direction:row-reverse;flex-direction:row-reverse}.elementor-widget-image-box.elementor-position-left .elementor-image-box-wrapper{text-align:left;-webkit-box-orient:horizontal;-webkit-box-direction:normal;-ms-flex-direction:row;flex-direction:row}.elementor-widget-image-box.elementor-position-top .elementor-image-box-img{margin:auto}.elementor-widget-image-box.elementor-vertical-align-top .elementor-image-box-wrapper{-webkit-box-align:start;-ms-flex-align:start;align-items:flex-start}.elementor-widget-image-box.elementor-vertical-align-middle .elementor-image-box-wrapper{-webkit-box-align:center;-ms-flex-align:center;align-items:center}.elementor-widget-image-box.elementor-vertical-align-bottom .elementor-image-box-wrapper{-webkit-box-align:end;-ms-flex-align:end;align-items:flex-end}}@media (max-width:767px){.elementor-widget-image-box .elementor-image-box-img{margin-left:auto!important;margin-right:auto!important;margin-bottom:15px}}.elementor-widget-image-box .elementor-image-box-img{display:inline-block}.elementor-widget-image-box .elementor-image-box-title a{color:inherit}.elementor-widget-image-box .elementor-image-box-wrapper{text-align:center}.elementor-widget-image-box .elementor-image-box-description{margin:0}<\/style><div class=\"elementor-image-box-wrapper\"><div class=\"elementor-image-box-content\"><h1 class=\"elementor-image-box-title\">Vid\u00e9osurveillance <br>\u00e0 ANNECY<\/h1><\/div><\/div>\t\t<\/div>\n\t\t\t\t<\/div>\n\t\t\t\t\t<\/div>\n\t\t<\/div>\n\t\t\t\t\t\t\t<\/div>\n\t\t<\/section>\n\t\t\t\t<section class=\"elementor-section elementor-top-section elementor-element elementor-element-063e7c1 elementor-section-content-middle elementor-section-boxed elementor-section-height-default elementor-section-height-default\" data-id=\"063e7c1\" data-element_type=\"section\" data-settings=\"{&quot;background_background&quot;:&quot;classic&quot;}\">\n\t\t\t\t\t\t<div class=\"elementor-container elementor-column-gap-no\">\n\t\t\t\t\t<div class=\"elementor-column elementor-col-50 elementor-top-column elementor-element elementor-element-36507dc\" data-id=\"36507dc\" data-element_type=\"column\">\n\t\t\t<div class=\"elementor-widget-wrap elementor-element-populated\">\n\t\t\t\t\t\t\t\t<div class=\"elementor-element elementor-element-fe48059 elementor-widget elementor-widget-heading\" data-id=\"fe48059\" data-element_type=\"widget\" data-widget_type=\"heading.default\">\n\t\t\t\t<div class=\"elementor-widget-container\">\n\t\t\t<style>\/*! elementor - v3.7.4 - 31-08-2022 *\/\n.elementor-heading-title{padding:0;margin:0;line-height:1}.elementor-widget-heading .elementor-heading-title[class*=elementor-size-]>a{color:inherit;font-size:inherit;line-height:inherit}.elementor-widget-heading .elementor-heading-title.elementor-size-small{font-size:15px}.elementor-widget-heading .elementor-heading-title.elementor-size-medium{font-size:19px}.elementor-widget-heading .elementor-heading-title.elementor-size-large{font-size:29px}.elementor-widget-heading .elementor-heading-title.elementor-size-xl{font-size:39px}.elementor-widget-heading .elementor-heading-title.elementor-size-xxl{font-size:59px}<\/style><h2 class=\"elementor-heading-title elementor-size-default\">Assurez la s\u00e9curit\u00e9 de vos biens et de vos locaux<\/h2>\t\t<\/div>\n\t\t\t\t<\/div>\n\t\t\t\t<div class=\"elementor-element elementor-element-c50a801 elementor-widget elementor-widget-text-editor\" data-id=\"c50a801\" data-element_type=\"widget\" data-widget_type=\"text-editor.default\">\n\t\t\t\t<div class=\"elementor-widget-container\">\n\t\t\t<style>\/*! elementor - v3.7.4 - 31-08-2022 *\/\n.elementor-widget-text-editor.elementor-drop-cap-view-stacked .elementor-drop-cap{background-color:#818a91;color:#fff}.elementor-widget-text-editor.elementor-drop-cap-view-framed .elementor-drop-cap{color:#818a91;border:3px solid;background-color:transparent}.elementor-widget-text-editor:not(.elementor-drop-cap-view-default) .elementor-drop-cap{margin-top:8px}.elementor-widget-text-editor:not(.elementor-drop-cap-view-default) .elementor-drop-cap-letter{width:1em;height:1em}.elementor-widget-text-editor .elementor-drop-cap{float:left;text-align:center;line-height:1;font-size:50px}.elementor-widget-text-editor .elementor-drop-cap-letter{display:inline-block}<\/style>\t\t\t\tAssurer la s\u00e9curit\u00e9 de vos locaux \u00e0 l\u2019aide de la vid\u00e9osurveillance, K2 Annecy vous fournit des solutions performantes et met \u00e0 votre disposition des produits de grande marque afin d\u2019assurer une s\u00e9curit\u00e9 optimale de vos biens et de vos locaux. \n<br><br>\nNous assurons \u00e0 nos clients un accompagnement total concernant le choix, l\u2019installation, la configuration et la mise en service de nos produits. \n<br><br>\nContacter l\u2019agence d&rsquo;Annecy pour installer d\u00e8s aujourd\u2019hui vos cam\u00e9ras de surveillance \t\t\t\t\t\t<\/div>\n\t\t\t\t<\/div>\n\t\t\t\t\t<\/div>\n\t\t<\/div>\n\t\t\t\t<div class=\"elementor-column elementor-col-50 elementor-top-column elementor-element elementor-element-fe0e0d8\" data-id=\"fe0e0d8\" data-element_type=\"column\">\n\t\t\t<div class=\"elementor-widget-wrap elementor-element-populated\">\n\t\t\t\t\t\t\t\t<div class=\"elementor-element elementor-element-ab17d32 elementor-widget elementor-widget-image\" data-id=\"ab17d32\" data-element_type=\"widget\" data-widget_type=\"image.default\">\n\t\t\t\t<div class=\"elementor-widget-container\">\n\t\t\t<style>\/*! elementor - v3.7.4 - 31-08-2022 *\/\n.elementor-widget-image{text-align:center}.elementor-widget-image a{display:inline-block}.elementor-widget-image a img[src$=\".svg\"]{width:48px}.elementor-widget-image img{vertical-align:middle;display:inline-block}<\/style>\t\t\t\t\t\t\t\t\t\t\t\t<img loading=\"lazy\" decoding=\"async\" width=\"637\" height=\"695\" src=\"https:\/\/recursing-feistel.82-165-223-183.plesk.page\/annecy\/wp-content\/uploads\/sites\/5\/2022\/08\/videosurveillance-k2-annecy.webp\" class=\"attachment-full size-full\" alt=\"\" srcset=\"https:\/\/recursing-feistel.82-165-223-183.plesk.page\/annecy\/wp-content\/uploads\/sites\/5\/2022\/08\/videosurveillance-k2-annecy.webp 637w, https:\/\/recursing-feistel.82-165-223-183.plesk.page\/annecy\/wp-content\/uploads\/sites\/5\/2022\/08\/videosurveillance-k2-annecy-275x300.webp 275w\" sizes=\"auto, (max-width: 637px) 100vw, 637px\" \/>\t\t\t\t\t\t\t\t\t\t\t\t\t\t\t<\/div>\n\t\t\t\t<\/div>\n\t\t\t\t\t<\/div>\n\t\t<\/div>\n\t\t\t\t\t\t\t<\/div>\n\t\t<\/section>\n\t\t\t\t<section class=\"elementor-section elementor-top-section elementor-element elementor-element-e7b6f9e elementor-section-content-middle elementor-section-boxed elementor-section-height-default elementor-section-height-default\" data-id=\"e7b6f9e\" data-element_type=\"section\" data-settings=\"{&quot;background_background&quot;:&quot;classic&quot;}\">\n\t\t\t\t\t\t<div class=\"elementor-container elementor-column-gap-no\">\n\t\t\t\t\t<div class=\"elementor-column elementor-col-50 elementor-top-column elementor-element elementor-element-de8e810\" data-id=\"de8e810\" data-element_type=\"column\">\n\t\t\t<div class=\"elementor-widget-wrap elementor-element-populated\">\n\t\t\t\t\t\t\t\t<div class=\"elementor-element elementor-element-2e3a902 elementor-widget elementor-widget-image\" data-id=\"2e3a902\" data-element_type=\"widget\" data-widget_type=\"image.default\">\n\t\t\t\t<div class=\"elementor-widget-container\">\n\t\t\t\t\t\t\t\t\t\t\t\t\t\t\t<img decoding=\"async\" src=\"https:\/\/recursing-feistel.82-165-223-183.plesk.page\/paris\/wp-content\/uploads\/sites\/4\/2022\/05\/alhua-camera.webp\" title=\"\" alt=\"\" \/>\t\t\t\t\t\t\t\t\t\t\t\t\t\t\t<\/div>\n\t\t\t\t<\/div>\n\t\t\t\t\t<\/div>\n\t\t<\/div>\n\t\t\t\t<div class=\"elementor-column elementor-col-50 elementor-top-column elementor-element elementor-element-abc89cb\" data-id=\"abc89cb\" data-element_type=\"column\">\n\t\t\t<div class=\"elementor-widget-wrap elementor-element-populated\">\n\t\t\t\t\t\t\t\t<div class=\"elementor-element elementor-element-dd66ceb elementor-widget elementor-widget-heading\" data-id=\"dd66ceb\" data-element_type=\"widget\" data-widget_type=\"heading.default\">\n\t\t\t\t<div class=\"elementor-widget-container\">\n\t\t\t<h2 class=\"elementor-heading-title elementor-size-default\">Dahua : Une s\u00e9curit\u00e9 forte et intelligente<\/h2>\t\t<\/div>\n\t\t\t\t<\/div>\n\t\t\t\t<div class=\"elementor-element elementor-element-40c39c6 elementor-widget elementor-widget-text-editor\" data-id=\"40c39c6\" data-element_type=\"widget\" data-widget_type=\"text-editor.default\">\n\t\t\t\t<div class=\"elementor-widget-container\">\n\t\t\t\t\t\t\tChez K2 Annecy, vous trouverez la marque populaire de fabrication de solution de vid\u00e9osurveillance Dahua qui propose du mat\u00e9riels de derni\u00e8re g\u00e9n\u00e9ration ainsi que des capteurs de mouvement performants.\n<br><br>\nDans le but de satisfaire nos clients, nous sommes en d\u00e9fi de vous accompagner dans l\u2019installation et la mise en service de tous ces produits en vous proposant la solution la mieux adapt\u00e9e \u00e0 vos besoins, et ce, afin d\u2019offrir le meilleur \u00e0 nos clients professionnels ou particuliers.\n<br><br>\nPour b\u00e9n\u00e9ficier de nos solutions vid\u00e9osurveillance, nous vous invitons \u00e0 feuilleter notre catalogue K2 sur notre site e-commerce ou nous rendre visite \u00e0 l\u2019agence K2 Annecy.\t\t\t\t\t\t<\/div>\n\t\t\t\t<\/div>\n\t\t\t\t\t<\/div>\n\t\t<\/div>\n\t\t\t\t\t\t\t<\/div>\n\t\t<\/section>\n\t\t\t\t<section class=\"elementor-section elementor-top-section elementor-element elementor-element-63f418c elementor-section-content-middle elementor-section-boxed elementor-section-height-default elementor-section-height-default\" data-id=\"63f418c\" data-element_type=\"section\" data-settings=\"{&quot;background_background&quot;:&quot;classic&quot;}\">\n\t\t\t\t\t\t<div class=\"elementor-container elementor-column-gap-no\">\n\t\t\t\t\t<div class=\"elementor-column elementor-col-50 elementor-top-column elementor-element elementor-element-a407970\" data-id=\"a407970\" data-element_type=\"column\">\n\t\t\t<div class=\"elementor-widget-wrap elementor-element-populated\">\n\t\t\t\t\t\t\t\t<div class=\"elementor-element elementor-element-e9b1825 elementor-widget elementor-widget-heading\" data-id=\"e9b1825\" data-element_type=\"widget\" data-widget_type=\"heading.default\">\n\t\t\t\t<div class=\"elementor-widget-container\">\n\t\t\t<h2 class=\"elementor-heading-title elementor-size-default\">Hikvision : Des cam\u00e9ras de surveillance d'haute d\u00e9finition<\/h2>\t\t<\/div>\n\t\t\t\t<\/div>\n\t\t\t\t<div class=\"elementor-element elementor-element-195e82a elementor-widget elementor-widget-text-editor\" data-id=\"195e82a\" data-element_type=\"widget\" data-widget_type=\"text-editor.default\">\n\t\t\t\t<div class=\"elementor-widget-container\">\n\t\t\t\t\t\t\tParmi notre s\u00e9lection de solutions de vid\u00e9osurveillance \u00e0 Annecy, nous avons choisi pour vous la fameuse marque Hikvision qui se caract\u00e9rise par ces mod\u00e8les de cam\u00e9ras de surveillance d\u2019haute d\u00e9finition \u00e0 des prix all\u00e9chants.\n<br><br>\nLes solutions Hikvision comprennent aussi des kits d\u2019alarme sans fil WiFi et GPRS qui se  fixe dans les diff\u00e9rentes zones de mouvement afin de garantir tous les niveaux de surveillance et d\u2019alerte.\n<br><br>\nNos cam\u00e9ras Hikvision sont optimiser et ce afin d\u2019assurer une capture vid\u00e9o d\u00e9taill\u00e9e, ainsi ils int\u00e8gres les nouvelles technologies de pointes qui permettent par exemple la reconnaissance faciale et la distinction humaine.\t\t\t\t\t\t<\/div>\n\t\t\t\t<\/div>\n\t\t\t\t\t<\/div>\n\t\t<\/div>\n\t\t\t\t<div class=\"elementor-column elementor-col-50 elementor-top-column elementor-element elementor-element-a50516a\" data-id=\"a50516a\" data-element_type=\"column\">\n\t\t\t<div class=\"elementor-widget-wrap elementor-element-populated\">\n\t\t\t\t\t\t\t\t<div class=\"elementor-element elementor-element-9e22764 elementor-widget elementor-widget-image\" data-id=\"9e22764\" data-element_type=\"widget\" data-widget_type=\"image.default\">\n\t\t\t\t<div class=\"elementor-widget-container\">\n\t\t\t\t\t\t\t\t\t\t\t\t\t\t\t<img decoding=\"async\" src=\"https:\/\/recursing-feistel.82-165-223-183.plesk.page\/paris\/wp-content\/uploads\/sites\/4\/2022\/05\/hikvision-camera.webp\" title=\"\" alt=\"\" \/>\t\t\t\t\t\t\t\t\t\t\t\t\t\t\t<\/div>\n\t\t\t\t<\/div>\n\t\t\t\t\t<\/div>\n\t\t<\/div>\n\t\t\t\t\t\t\t<\/div>\n\t\t<\/section>\n\t\t\t\t\t\t\t<\/div>\n\t\t","protected":false},"excerpt":{"rendered":"<p>Vid\u00e9osurveillance \u00e0 ANNECY Assurez la s\u00e9curit\u00e9 de vos biens et de vos locaux Assurer la s\u00e9curit\u00e9 de vos locaux \u00e0\u2026<\/p>\n","protected":false},"author":1,"featured_media":0,"parent":0,"menu_order":0,"comment_status":"closed","ping_status":"closed","template":"","meta":{"site-sidebar-layout":"no-sidebar","site-content-layout":"page-builder","ast-global-header-display":"","ast-main-header-display":"","ast-hfb-above-header-display":"","ast-hfb-below-header-display":"","ast-hfb-mobile-header-display":"","site-post-title":"disabled","ast-breadcrumbs-content":"","ast-featured-img":"disabled","footer-sml-layout":"","theme-transparent-header-meta":"enabled","adv-header-id-meta":"","stick-header-meta":"","header-above-stick-meta":"","header-main-stick-meta":"","header-below-stick-meta":"","footnotes":""},"class_list":["post-1142","page","type-page","status-publish","hentry"],"_links":{"self":[{"href":"https:\/\/recursing-feistel.82-165-223-183.plesk.page\/annecy\/wp-json\/wp\/v2\/pages\/1142","targetHints":{"allow":["GET"]}}],"collection":[{"href":"https:\/\/recursing-feistel.82-165-223-183.plesk.page\/annecy\/wp-json\/wp\/v2\/pages"}],"about":[{"href":"https:\/\/recursing-feistel.82-165-223-183.plesk.page\/annecy\/wp-json\/wp\/v2\/types\/page"}],"author":[{"embeddable":true,"href":"https:\/\/recursing-feistel.82-165-223-183.plesk.page\/annecy\/wp-json\/wp\/v2\/users\/1"}],"replies":[{"embeddable":true,"href":"https:\/\/recursing-feistel.82-165-223-183.plesk.page\/annecy\/wp-json\/wp\/v2\/comments?post=1142"}],"version-history":[{"count":64,"href":"https:\/\/recursing-feistel.82-165-223-183.plesk.page\/annecy\/wp-json\/wp\/v2\/pages\/1142\/revisions"}],"predecessor-version":[{"id":1562,"href":"https:\/\/recursing-feistel.82-165-223-183.plesk.page\/annecy\/wp-json\/wp\/v2\/pages\/1142\/revisions\/1562"}],"wp:attachment":[{"href":"https:\/\/recursing-feistel.82-165-223-183.plesk.page\/annecy\/wp-json\/wp\/v2\/media?parent=1142"}],"curies":[{"name":"wp","href":"https:\/\/api.w.org\/{rel}","templated":true}]}}