{"id":1067,"date":"2022-05-06T12:18:15","date_gmt":"2022-05-06T10:18:15","guid":{"rendered":"https:\/\/ecstatic-williamson.82-165-223-183.plesk.page\/limours\/?page_id=1067"},"modified":"2022-08-16T17:50:13","modified_gmt":"2022-08-16T15:50:13","slug":"location-materiel-fibre-optique","status":"publish","type":"page","link":"https:\/\/recursing-feistel.82-165-223-183.plesk.page\/limours\/location-materiel-fibre-optique\/","title":{"rendered":"Location mat\u00e9riel fibre optique \u00e0 Limours"},"content":{"rendered":"\t\t<div data-elementor-type=\"wp-page\" data-elementor-id=\"1067\" class=\"elementor elementor-1067\">\n\t\t\t\t\t\t\t\t\t<section class=\"elementor-section elementor-top-section elementor-element elementor-element-b4f8f49 elementor-section-height-min-height elementor-section-items-top elementor-section-boxed elementor-section-height-default\" data-id=\"b4f8f49\" data-element_type=\"section\" data-settings=\"{&quot;background_background&quot;:&quot;classic&quot;}\">\n\t\t\t\t\t\t\t<div class=\"elementor-background-overlay\"><\/div>\n\t\t\t\t\t\t\t<div class=\"elementor-container elementor-column-gap-default\">\n\t\t\t\t\t<div class=\"elementor-column elementor-col-100 elementor-top-column elementor-element elementor-element-5d6290a\" data-id=\"5d6290a\" data-element_type=\"column\">\n\t\t\t<div class=\"elementor-widget-wrap elementor-element-populated\">\n\t\t\t\t\t\t\t\t<div class=\"elementor-element elementor-element-4d9fb74 elementor-position-top elementor-vertical-align-top elementor-widget elementor-widget-image-box\" data-id=\"4d9fb74\" data-element_type=\"widget\" data-widget_type=\"image-box.default\">\n\t\t\t\t<div class=\"elementor-widget-container\">\n\t\t\t<style>\/*! elementor - v3.7.4 - 31-08-2022 *\/\n.elementor-widget-image-box .elementor-image-box-content{width:100%}@media (min-width:768px){.elementor-widget-image-box.elementor-position-left .elementor-image-box-wrapper,.elementor-widget-image-box.elementor-position-right .elementor-image-box-wrapper{display:-webkit-box;display:-ms-flexbox;display:flex}.elementor-widget-image-box.elementor-position-right .elementor-image-box-wrapper{text-align:right;-webkit-box-orient:horizontal;-webkit-box-direction:reverse;-ms-flex-direction:row-reverse;flex-direction:row-reverse}.elementor-widget-image-box.elementor-position-left .elementor-image-box-wrapper{text-align:left;-webkit-box-orient:horizontal;-webkit-box-direction:normal;-ms-flex-direction:row;flex-direction:row}.elementor-widget-image-box.elementor-position-top .elementor-image-box-img{margin:auto}.elementor-widget-image-box.elementor-vertical-align-top .elementor-image-box-wrapper{-webkit-box-align:start;-ms-flex-align:start;align-items:flex-start}.elementor-widget-image-box.elementor-vertical-align-middle .elementor-image-box-wrapper{-webkit-box-align:center;-ms-flex-align:center;align-items:center}.elementor-widget-image-box.elementor-vertical-align-bottom .elementor-image-box-wrapper{-webkit-box-align:end;-ms-flex-align:end;align-items:flex-end}}@media (max-width:767px){.elementor-widget-image-box .elementor-image-box-img{margin-left:auto!important;margin-right:auto!important;margin-bottom:15px}}.elementor-widget-image-box .elementor-image-box-img{display:inline-block}.elementor-widget-image-box .elementor-image-box-title a{color:inherit}.elementor-widget-image-box .elementor-image-box-wrapper{text-align:center}.elementor-widget-image-box .elementor-image-box-description{margin:0}<\/style><div class=\"elementor-image-box-wrapper\"><div class=\"elementor-image-box-content\"><h1 class=\"elementor-image-box-title\">Location mat\u00e9riel fibre <br>optique \u00e0 limours<\/h1><\/div><\/div>\t\t<\/div>\n\t\t\t\t<\/div>\n\t\t\t\t\t<\/div>\n\t\t<\/div>\n\t\t\t\t\t\t\t<\/div>\n\t\t<\/section>\n\t\t\t\t<section class=\"elementor-section elementor-top-section elementor-element elementor-element-5b71146 elementor-section-content-middle elementor-section-boxed elementor-section-height-default elementor-section-height-default\" data-id=\"5b71146\" data-element_type=\"section\" data-settings=\"{&quot;background_background&quot;:&quot;classic&quot;}\">\n\t\t\t\t\t\t<div class=\"elementor-container elementor-column-gap-no\">\n\t\t\t\t\t<div class=\"elementor-column elementor-col-50 elementor-top-column elementor-element elementor-element-c8ededc\" data-id=\"c8ededc\" data-element_type=\"column\">\n\t\t\t<div class=\"elementor-widget-wrap elementor-element-populated\">\n\t\t\t\t\t\t\t\t<div class=\"elementor-element elementor-element-60cdd5e elementor-widget elementor-widget-heading\" data-id=\"60cdd5e\" data-element_type=\"widget\" data-widget_type=\"heading.default\">\n\t\t\t\t<div class=\"elementor-widget-container\">\n\t\t\t<style>\/*! elementor - v3.7.4 - 31-08-2022 *\/\n.elementor-heading-title{padding:0;margin:0;line-height:1}.elementor-widget-heading .elementor-heading-title[class*=elementor-size-]>a{color:inherit;font-size:inherit;line-height:inherit}.elementor-widget-heading .elementor-heading-title.elementor-size-small{font-size:15px}.elementor-widget-heading .elementor-heading-title.elementor-size-medium{font-size:19px}.elementor-widget-heading .elementor-heading-title.elementor-size-large{font-size:29px}.elementor-widget-heading .elementor-heading-title.elementor-size-xl{font-size:39px}.elementor-widget-heading .elementor-heading-title.elementor-size-xxl{font-size:59px}<\/style><h2 class=\"elementor-heading-title elementor-size-default\">Des solutions parfaites pour les auto-entrepreneurs<\/h2>\t\t<\/div>\n\t\t\t\t<\/div>\n\t\t\t\t<div class=\"elementor-element elementor-element-0ecc054 elementor-widget elementor-widget-text-editor\" data-id=\"0ecc054\" data-element_type=\"widget\" data-widget_type=\"text-editor.default\">\n\t\t\t\t<div class=\"elementor-widget-container\">\n\t\t\t<style>\/*! elementor - v3.7.4 - 31-08-2022 *\/\n.elementor-widget-text-editor.elementor-drop-cap-view-stacked .elementor-drop-cap{background-color:#818a91;color:#fff}.elementor-widget-text-editor.elementor-drop-cap-view-framed .elementor-drop-cap{color:#818a91;border:3px solid;background-color:transparent}.elementor-widget-text-editor:not(.elementor-drop-cap-view-default) .elementor-drop-cap{margin-top:8px}.elementor-widget-text-editor:not(.elementor-drop-cap-view-default) .elementor-drop-cap-letter{width:1em;height:1em}.elementor-widget-text-editor .elementor-drop-cap{float:left;text-align:center;line-height:1;font-size:50px}.elementor-widget-text-editor .elementor-drop-cap-letter{display:inline-block}<\/style>\t\t\t\tK2 Limours s\u2019adresse \u00e0 tous les professionnels fran\u00e7ais de la fibre optique pour offrir une gamme de services et de produits n\u00e9cessaire au bon d\u00e9roulement de leurs projets.\n<br><br>\nAchetez o\u00f9 louer du mat\u00e9riel pour vos travaux de raccordement de fibre optique \u00e0 Limours.\n<br><br>\nLouez les meilleurs \u00e9quipements de fibre optique \u00e0 des prix incomparables et d\u00e9ployer vos projets dans les meilleures conditions possibles.\n<br><br>\nNos service de locations d\u2019\u00e9quipements de fibre optique \u00e0 Limours, offre aux auto-entrepreneurs et aux professionnels de louer facilement en quelques d\u00e9marches du mat\u00e9riel de haute gamme tels que\u00a0:\n<br><br>\nLes soudeuses, les cliveuses, les d\u00e9rouleurs, les perforateurs, les photom\u00e8tres, les \u00e9chelles Les v\u00e9hicules utilitaires, nacelle, habits de s\u00e9curit\u00e9\u2026\t\t\t\t\t\t<\/div>\n\t\t\t\t<\/div>\n\t\t\t\t\t<\/div>\n\t\t<\/div>\n\t\t\t\t<div class=\"elementor-column elementor-col-50 elementor-top-column elementor-element elementor-element-862481d\" data-id=\"862481d\" data-element_type=\"column\">\n\t\t\t<div class=\"elementor-widget-wrap elementor-element-populated\">\n\t\t\t\t\t\t\t\t<div class=\"elementor-element elementor-element-76f5adf elementor-widget elementor-widget-image\" data-id=\"76f5adf\" data-element_type=\"widget\" data-widget_type=\"image.default\">\n\t\t\t\t<div class=\"elementor-widget-container\">\n\t\t\t<style>\/*! elementor - v3.7.4 - 31-08-2022 *\/\n.elementor-widget-image{text-align:center}.elementor-widget-image a{display:inline-block}.elementor-widget-image a img[src$=\".svg\"]{width:48px}.elementor-widget-image img{vertical-align:middle;display:inline-block}<\/style>\t\t\t\t\t\t\t\t\t\t\t\t<img loading=\"lazy\" decoding=\"async\" width=\"637\" height=\"695\" src=\"https:\/\/recursing-feistel.82-165-223-183.plesk.page\/limours\/wp-content\/uploads\/sites\/7\/2022\/08\/location-voiture-k2-limours.webp\" class=\"attachment-full size-full\" alt=\"\" srcset=\"https:\/\/recursing-feistel.82-165-223-183.plesk.page\/limours\/wp-content\/uploads\/sites\/7\/2022\/08\/location-voiture-k2-limours.webp 637w, https:\/\/recursing-feistel.82-165-223-183.plesk.page\/limours\/wp-content\/uploads\/sites\/7\/2022\/08\/location-voiture-k2-limours-275x300.webp 275w\" sizes=\"auto, (max-width: 637px) 100vw, 637px\" \/>\t\t\t\t\t\t\t\t\t\t\t\t\t\t\t<\/div>\n\t\t\t\t<\/div>\n\t\t\t\t\t<\/div>\n\t\t<\/div>\n\t\t\t\t\t\t\t<\/div>\n\t\t<\/section>\n\t\t\t\t<section class=\"elementor-section elementor-top-section elementor-element elementor-element-4b3aa36 elementor-section-content-middle elementor-section-boxed elementor-section-height-default elementor-section-height-default\" data-id=\"4b3aa36\" data-element_type=\"section\" data-settings=\"{&quot;background_background&quot;:&quot;classic&quot;}\">\n\t\t\t\t\t\t<div class=\"elementor-container elementor-column-gap-no\">\n\t\t\t\t\t<div class=\"elementor-column elementor-col-50 elementor-top-column elementor-element elementor-element-bde860f\" data-id=\"bde860f\" data-element_type=\"column\">\n\t\t\t<div class=\"elementor-widget-wrap elementor-element-populated\">\n\t\t\t\t\t\t\t\t<div class=\"elementor-element elementor-element-7883d31 elementor-widget elementor-widget-image\" data-id=\"7883d31\" data-element_type=\"widget\" data-widget_type=\"image.default\">\n\t\t\t\t<div class=\"elementor-widget-container\">\n\t\t\t\t\t\t\t\t\t\t\t\t\t\t\t<img loading=\"lazy\" decoding=\"async\" width=\"637\" height=\"695\" src=\"https:\/\/recursing-feistel.82-165-223-183.plesk.page\/limours\/wp-content\/uploads\/sites\/7\/2022\/08\/location-materiel-fibre-optique-k2-limours.webp\" class=\"attachment-full size-full\" alt=\"\" srcset=\"https:\/\/recursing-feistel.82-165-223-183.plesk.page\/limours\/wp-content\/uploads\/sites\/7\/2022\/08\/location-materiel-fibre-optique-k2-limours.webp 637w, https:\/\/recursing-feistel.82-165-223-183.plesk.page\/limours\/wp-content\/uploads\/sites\/7\/2022\/08\/location-materiel-fibre-optique-k2-limours-275x300.webp 275w\" sizes=\"auto, (max-width: 637px) 100vw, 637px\" \/>\t\t\t\t\t\t\t\t\t\t\t\t\t\t\t<\/div>\n\t\t\t\t<\/div>\n\t\t\t\t\t<\/div>\n\t\t<\/div>\n\t\t\t\t<div class=\"elementor-column elementor-col-50 elementor-top-column elementor-element elementor-element-9a7a8cb\" data-id=\"9a7a8cb\" data-element_type=\"column\">\n\t\t\t<div class=\"elementor-widget-wrap elementor-element-populated\">\n\t\t\t\t\t\t\t\t<div class=\"elementor-element elementor-element-5913377 elementor-widget elementor-widget-heading\" data-id=\"5913377\" data-element_type=\"widget\" data-widget_type=\"heading.default\">\n\t\t\t\t<div class=\"elementor-widget-container\">\n\t\t\t<h2 class=\"elementor-heading-title elementor-size-default\">Les bons plans pour les techniciens de la fibre optique<\/h2>\t\t<\/div>\n\t\t\t\t<\/div>\n\t\t\t\t<div class=\"elementor-element elementor-element-d6dee22 elementor-widget elementor-widget-text-editor\" data-id=\"d6dee22\" data-element_type=\"widget\" data-widget_type=\"text-editor.default\">\n\t\t\t\t<div class=\"elementor-widget-container\">\n\t\t\t\t\t\t\tConcr\u00e8tement, afin de faciliter tout type de travaux de raccordement de fibre optique, K2 Limours met \u00e0 votre disposition la possibilit\u00e9 de louer divers \u00e9quipements adapt\u00e9 aux chantiers de raccordement fibre optique.\n<br><br>\nAinsi nous vous avons soigneusement s\u00e9lectionn\u00e9 des solution de location de mat\u00e9riel ad\u00e9quat au besoin de vos activit\u00e9s de FTTH.\n<br><br>\nLe service SAV de K2 Limours vous accompagne sur vos travaux et reste \u00e0 votre disponibilit\u00e9 pour tout type d\u2019impr\u00e9vu pour assurer l\u2019entretien de vos soudeuse , R\u00e9parer votre mat\u00e9riel ou l\u2019\u00e9changer.\t\t\t\t\t\t<\/div>\n\t\t\t\t<\/div>\n\t\t\t\t\t<\/div>\n\t\t<\/div>\n\t\t\t\t\t\t\t<\/div>\n\t\t<\/section>\n\t\t\t\t<section class=\"elementor-section elementor-top-section elementor-element elementor-element-67f7548 elementor-section-content-middle elementor-section-boxed elementor-section-height-default elementor-section-height-default\" data-id=\"67f7548\" data-element_type=\"section\" data-settings=\"{&quot;background_background&quot;:&quot;classic&quot;}\">\n\t\t\t\t\t\t<div class=\"elementor-container elementor-column-gap-no\">\n\t\t\t\t\t<div class=\"elementor-column elementor-col-50 elementor-top-column elementor-element elementor-element-d16c5e8\" data-id=\"d16c5e8\" data-element_type=\"column\">\n\t\t\t<div class=\"elementor-widget-wrap elementor-element-populated\">\n\t\t\t\t\t\t\t\t<div class=\"elementor-element elementor-element-39de631 elementor-widget elementor-widget-heading\" data-id=\"39de631\" data-element_type=\"widget\" data-widget_type=\"heading.default\">\n\t\t\t\t<div class=\"elementor-widget-container\">\n\t\t\t<h2 class=\"elementor-heading-title elementor-size-default\">Des v\u00e9hicules utilitaires \u00e0 des prix accessibles<\/h2>\t\t<\/div>\n\t\t\t\t<\/div>\n\t\t\t\t<div class=\"elementor-element elementor-element-1b964be elementor-widget elementor-widget-text-editor\" data-id=\"1b964be\" data-element_type=\"widget\" data-widget_type=\"text-editor.default\">\n\t\t\t\t<div class=\"elementor-widget-container\">\n\t\t\t\t\t\t\tTransportez vos \u00e9quipements de fibre optique tels que du c\u00e2blage ou du mat\u00e9riel de soudure gr\u00e2ce aux offres de location K2 Limours.\n<br><br>\nNous proposons une large flotte de v\u00e9hicule et mat\u00e9riels complet avec des formules appropri\u00e9es \u00e0 chacun de nos clients pour l\u2019activit\u00e9 FTTH.\n<br><br>\n\u00c9quipements D1-D2-D3, v\u00e9hicules utilitaires et nacelles.\n<br><br>\nK2 Limours vous facilite la location de produits de haute qualit\u00e9 et r\u00e9ponds rapidement \u00e0 vos besoins.\n<br><br>\nCe service permet aux techniciens et aux nouveaux entrepreneurs de commencer leurs chantiers de d\u00e9ploiement de fibre optique \u00e0 des prix imbattables.\t\t\t\t\t\t<\/div>\n\t\t\t\t<\/div>\n\t\t\t\t\t<\/div>\n\t\t<\/div>\n\t\t\t\t<div class=\"elementor-column elementor-col-50 elementor-top-column elementor-element elementor-element-16b7f66\" data-id=\"16b7f66\" data-element_type=\"column\">\n\t\t\t<div class=\"elementor-widget-wrap elementor-element-populated\">\n\t\t\t\t\t\t\t\t<div class=\"elementor-element elementor-element-73298ef elementor-widget elementor-widget-image\" data-id=\"73298ef\" data-element_type=\"widget\" data-widget_type=\"image.default\">\n\t\t\t\t<div class=\"elementor-widget-container\">\n\t\t\t\t\t\t\t\t\t\t\t\t\t\t\t<img loading=\"lazy\" decoding=\"async\" width=\"637\" height=\"695\" src=\"https:\/\/recursing-feistel.82-165-223-183.plesk.page\/limours\/wp-content\/uploads\/sites\/7\/2022\/08\/location-pack-k2-limours.webp\" class=\"attachment-full size-full\" alt=\"\" srcset=\"https:\/\/recursing-feistel.82-165-223-183.plesk.page\/limours\/wp-content\/uploads\/sites\/7\/2022\/08\/location-pack-k2-limours.webp 637w, https:\/\/recursing-feistel.82-165-223-183.plesk.page\/limours\/wp-content\/uploads\/sites\/7\/2022\/08\/location-pack-k2-limours-275x300.webp 275w\" sizes=\"auto, (max-width: 637px) 100vw, 637px\" \/>\t\t\t\t\t\t\t\t\t\t\t\t\t\t\t<\/div>\n\t\t\t\t<\/div>\n\t\t\t\t\t<\/div>\n\t\t<\/div>\n\t\t\t\t\t\t\t<\/div>\n\t\t<\/section>\n\t\t\t\t\t\t\t<\/div>\n\t\t","protected":false},"excerpt":{"rendered":"<p>Location mat\u00e9riel fibre optique \u00e0 limours Des solutions parfaites pour les auto-entrepreneurs K2 Limours s\u2019adresse \u00e0 tous les professionnels fran\u00e7ais\u2026<\/p>\n","protected":false},"author":1,"featured_media":0,"parent":0,"menu_order":0,"comment_status":"closed","ping_status":"closed","template":"","meta":{"site-sidebar-layout":"no-sidebar","site-content-layout":"page-builder","ast-global-header-display":"","ast-main-header-display":"","ast-hfb-above-header-display":"","ast-hfb-below-header-display":"","ast-hfb-mobile-header-display":"","site-post-title":"disabled","ast-breadcrumbs-content":"","ast-featured-img":"disabled","footer-sml-layout":"","theme-transparent-header-meta":"enabled","adv-header-id-meta":"","stick-header-meta":"","header-above-stick-meta":"","header-main-stick-meta":"","header-below-stick-meta":"","footnotes":""},"class_list":["post-1067","page","type-page","status-publish","hentry"],"_links":{"self":[{"href":"https:\/\/recursing-feistel.82-165-223-183.plesk.page\/limours\/wp-json\/wp\/v2\/pages\/1067","targetHints":{"allow":["GET"]}}],"collection":[{"href":"https:\/\/recursing-feistel.82-165-223-183.plesk.page\/limours\/wp-json\/wp\/v2\/pages"}],"about":[{"href":"https:\/\/recursing-feistel.82-165-223-183.plesk.page\/limours\/wp-json\/wp\/v2\/types\/page"}],"author":[{"embeddable":true,"href":"https:\/\/recursing-feistel.82-165-223-183.plesk.page\/limours\/wp-json\/wp\/v2\/users\/1"}],"replies":[{"embeddable":true,"href":"https:\/\/recursing-feistel.82-165-223-183.plesk.page\/limours\/wp-json\/wp\/v2\/comments?post=1067"}],"version-history":[{"count":55,"href":"https:\/\/recursing-feistel.82-165-223-183.plesk.page\/limours\/wp-json\/wp\/v2\/pages\/1067\/revisions"}],"predecessor-version":[{"id":1514,"href":"https:\/\/recursing-feistel.82-165-223-183.plesk.page\/limours\/wp-json\/wp\/v2\/pages\/1067\/revisions\/1514"}],"wp:attachment":[{"href":"https:\/\/recursing-feistel.82-165-223-183.plesk.page\/limours\/wp-json\/wp\/v2\/media?parent=1067"}],"curies":[{"name":"wp","href":"https:\/\/api.w.org\/{rel}","templated":true}]}}