{"id":1573,"date":"2022-05-04T23:00:50","date_gmt":"2022-05-04T21:00:50","guid":{"rendered":"https:\/\/ecstatic-williamson.82-165-223-183.plesk.page\/paris\/?page_id=1573"},"modified":"2022-08-16T18:13:15","modified_gmt":"2022-08-16T16:13:15","slug":"service-apres-vente","status":"publish","type":"page","link":"https:\/\/recursing-feistel.82-165-223-183.plesk.page\/paris\/service-apres-vente\/","title":{"rendered":"Service apr\u00e8s vente K2 Paris"},"content":{"rendered":"\t\t<div data-elementor-type=\"wp-page\" data-elementor-id=\"1573\" class=\"elementor elementor-1573\">\n\t\t\t\t\t\t\t\t\t<section class=\"elementor-section elementor-top-section elementor-element elementor-element-79ef94c elementor-section-height-min-height elementor-section-items-top elementor-section-boxed elementor-section-height-default\" data-id=\"79ef94c\" data-element_type=\"section\" data-settings=\"{&quot;background_background&quot;:&quot;classic&quot;}\">\n\t\t\t\t\t\t\t<div class=\"elementor-background-overlay\"><\/div>\n\t\t\t\t\t\t\t<div class=\"elementor-container elementor-column-gap-default\">\n\t\t\t\t\t<div class=\"elementor-column elementor-col-100 elementor-top-column elementor-element elementor-element-9b85783\" data-id=\"9b85783\" data-element_type=\"column\">\n\t\t\t<div class=\"elementor-widget-wrap elementor-element-populated\">\n\t\t\t\t\t\t\t\t<div class=\"elementor-element elementor-element-aeee929 elementor-position-top elementor-vertical-align-top elementor-widget elementor-widget-image-box\" data-id=\"aeee929\" data-element_type=\"widget\" data-widget_type=\"image-box.default\">\n\t\t\t\t<div class=\"elementor-widget-container\">\n\t\t\t<style>\/*! elementor - v3.7.4 - 31-08-2022 *\/\n.elementor-widget-image-box .elementor-image-box-content{width:100%}@media (min-width:768px){.elementor-widget-image-box.elementor-position-left .elementor-image-box-wrapper,.elementor-widget-image-box.elementor-position-right .elementor-image-box-wrapper{display:-webkit-box;display:-ms-flexbox;display:flex}.elementor-widget-image-box.elementor-position-right .elementor-image-box-wrapper{text-align:right;-webkit-box-orient:horizontal;-webkit-box-direction:reverse;-ms-flex-direction:row-reverse;flex-direction:row-reverse}.elementor-widget-image-box.elementor-position-left .elementor-image-box-wrapper{text-align:left;-webkit-box-orient:horizontal;-webkit-box-direction:normal;-ms-flex-direction:row;flex-direction:row}.elementor-widget-image-box.elementor-position-top .elementor-image-box-img{margin:auto}.elementor-widget-image-box.elementor-vertical-align-top .elementor-image-box-wrapper{-webkit-box-align:start;-ms-flex-align:start;align-items:flex-start}.elementor-widget-image-box.elementor-vertical-align-middle .elementor-image-box-wrapper{-webkit-box-align:center;-ms-flex-align:center;align-items:center}.elementor-widget-image-box.elementor-vertical-align-bottom .elementor-image-box-wrapper{-webkit-box-align:end;-ms-flex-align:end;align-items:flex-end}}@media (max-width:767px){.elementor-widget-image-box .elementor-image-box-img{margin-left:auto!important;margin-right:auto!important;margin-bottom:15px}}.elementor-widget-image-box .elementor-image-box-img{display:inline-block}.elementor-widget-image-box .elementor-image-box-title a{color:inherit}.elementor-widget-image-box .elementor-image-box-wrapper{text-align:center}.elementor-widget-image-box .elementor-image-box-description{margin:0}<\/style><div class=\"elementor-image-box-wrapper\"><div class=\"elementor-image-box-content\"><h1 class=\"elementor-image-box-title\">Service apr\u00e9s vente <br>K2 PARIS<\/h1><\/div><\/div>\t\t<\/div>\n\t\t\t\t<\/div>\n\t\t\t\t\t<\/div>\n\t\t<\/div>\n\t\t\t\t\t\t\t<\/div>\n\t\t<\/section>\n\t\t\t\t<section class=\"elementor-section elementor-top-section elementor-element elementor-element-eafb22d elementor-section-content-middle elementor-section-boxed elementor-section-height-default elementor-section-height-default\" data-id=\"eafb22d\" data-element_type=\"section\" data-settings=\"{&quot;background_background&quot;:&quot;classic&quot;}\">\n\t\t\t\t\t\t<div class=\"elementor-container elementor-column-gap-no\">\n\t\t\t\t\t<div class=\"elementor-column elementor-col-50 elementor-top-column elementor-element elementor-element-d04299c\" data-id=\"d04299c\" data-element_type=\"column\">\n\t\t\t<div class=\"elementor-widget-wrap elementor-element-populated\">\n\t\t\t\t\t\t\t\t<div class=\"elementor-element elementor-element-38848ad elementor-widget elementor-widget-heading\" data-id=\"38848ad\" data-element_type=\"widget\" data-widget_type=\"heading.default\">\n\t\t\t\t<div class=\"elementor-widget-container\">\n\t\t\t<style>\/*! elementor - v3.7.4 - 31-08-2022 *\/\n.elementor-heading-title{padding:0;margin:0;line-height:1}.elementor-widget-heading .elementor-heading-title[class*=elementor-size-]>a{color:inherit;font-size:inherit;line-height:inherit}.elementor-widget-heading .elementor-heading-title.elementor-size-small{font-size:15px}.elementor-widget-heading .elementor-heading-title.elementor-size-medium{font-size:19px}.elementor-widget-heading .elementor-heading-title.elementor-size-large{font-size:29px}.elementor-widget-heading .elementor-heading-title.elementor-size-xl{font-size:39px}.elementor-widget-heading .elementor-heading-title.elementor-size-xxl{font-size:59px}<\/style><h2 class=\"elementor-heading-title elementor-size-default\">La satisfaction du client est notre objectif<\/h2>\t\t<\/div>\n\t\t\t\t<\/div>\n\t\t\t\t<div class=\"elementor-element elementor-element-bcc296c elementor-widget elementor-widget-text-editor\" data-id=\"bcc296c\" data-element_type=\"widget\" data-widget_type=\"text-editor.default\">\n\t\t\t\t<div class=\"elementor-widget-container\">\n\t\t\t<style>\/*! elementor - v3.7.4 - 31-08-2022 *\/\n.elementor-widget-text-editor.elementor-drop-cap-view-stacked .elementor-drop-cap{background-color:#818a91;color:#fff}.elementor-widget-text-editor.elementor-drop-cap-view-framed .elementor-drop-cap{color:#818a91;border:3px solid;background-color:transparent}.elementor-widget-text-editor:not(.elementor-drop-cap-view-default) .elementor-drop-cap{margin-top:8px}.elementor-widget-text-editor:not(.elementor-drop-cap-view-default) .elementor-drop-cap-letter{width:1em;height:1em}.elementor-widget-text-editor .elementor-drop-cap{float:left;text-align:center;line-height:1;font-size:50px}.elementor-widget-text-editor .elementor-drop-cap-letter{display:inline-block}<\/style>\t\t\t\tL\u2019\u00e9quipe K2 Paris cherche toujours \u00e0 satisfaire sa client\u00e8le \u00e0 travers les diff\u00e9rents services proposer ainsi qu\u2019un accompagnement client pour vous guider sur les diff\u00e9rentes \u00e9tapes de vos projets\n<br><br>\nNous croyons que nos clients sont au c\u0153ur des enjeux de notre entreprise et c\u2019est pour cette raison que nous vous offrons un service client irr\u00e9prochables \u00e0 travers des t\u00e9l\u00e9op\u00e9rateurs qualifi\u00e9 et expert en la mati\u00e8re qui seront toujours \u00e0 votre disposition.\n<br><br>\n\nQu\u2019il s\u2019agisse d\u2019une assistance technique ou d\u2019une demande d\u2019information concernant nos produits et nos services, le service client de K2 Paris est \u00e0 votre disposition.\n<br><br>\n\nContactez-nous par mail ou appelez K2 Paris pour toutes questions suppl\u00e9mentaires sur le sujet.\t\t\t\t\t\t<\/div>\n\t\t\t\t<\/div>\n\t\t\t\t\t<\/div>\n\t\t<\/div>\n\t\t\t\t<div class=\"elementor-column elementor-col-50 elementor-top-column elementor-element elementor-element-d87ceee\" data-id=\"d87ceee\" data-element_type=\"column\">\n\t\t\t<div class=\"elementor-widget-wrap elementor-element-populated\">\n\t\t\t\t\t\t\t\t<div class=\"elementor-element elementor-element-6352600 elementor-widget elementor-widget-image\" data-id=\"6352600\" data-element_type=\"widget\" data-widget_type=\"image.default\">\n\t\t\t\t<div class=\"elementor-widget-container\">\n\t\t\t<style>\/*! elementor - v3.7.4 - 31-08-2022 *\/\n.elementor-widget-image{text-align:center}.elementor-widget-image a{display:inline-block}.elementor-widget-image a img[src$=\".svg\"]{width:48px}.elementor-widget-image img{vertical-align:middle;display:inline-block}<\/style>\t\t\t\t\t\t\t\t\t\t\t\t<img loading=\"lazy\" decoding=\"async\" width=\"459\" height=\"500\" src=\"https:\/\/recursing-feistel.82-165-223-183.plesk.page\/paris\/wp-content\/uploads\/sites\/4\/2022\/05\/K2-assistance.webp\" class=\"attachment-full size-full\" alt=\"\" srcset=\"https:\/\/recursing-feistel.82-165-223-183.plesk.page\/paris\/wp-content\/uploads\/sites\/4\/2022\/05\/K2-assistance.webp 459w, https:\/\/recursing-feistel.82-165-223-183.plesk.page\/paris\/wp-content\/uploads\/sites\/4\/2022\/05\/K2-assistance-275x300.webp 275w\" sizes=\"auto, (max-width: 459px) 100vw, 459px\" \/>\t\t\t\t\t\t\t\t\t\t\t\t\t\t\t<\/div>\n\t\t\t\t<\/div>\n\t\t\t\t\t<\/div>\n\t\t<\/div>\n\t\t\t\t\t\t\t<\/div>\n\t\t<\/section>\n\t\t\t\t<section class=\"elementor-section elementor-top-section elementor-element elementor-element-70d80c0 elementor-section-content-middle elementor-section-boxed elementor-section-height-default elementor-section-height-default\" data-id=\"70d80c0\" data-element_type=\"section\" data-settings=\"{&quot;background_background&quot;:&quot;classic&quot;}\">\n\t\t\t\t\t\t<div class=\"elementor-container elementor-column-gap-no\">\n\t\t\t\t\t<div class=\"elementor-column elementor-col-50 elementor-top-column elementor-element elementor-element-dbd2296\" data-id=\"dbd2296\" data-element_type=\"column\">\n\t\t\t<div class=\"elementor-widget-wrap elementor-element-populated\">\n\t\t\t\t\t\t\t\t<div class=\"elementor-element elementor-element-b57cf8d elementor-widget elementor-widget-image\" data-id=\"b57cf8d\" data-element_type=\"widget\" data-widget_type=\"image.default\">\n\t\t\t\t<div class=\"elementor-widget-container\">\n\t\t\t\t\t\t\t\t\t\t\t\t\t\t\t<img loading=\"lazy\" decoding=\"async\" width=\"459\" height=\"500\" src=\"https:\/\/recursing-feistel.82-165-223-183.plesk.page\/paris\/wp-content\/uploads\/sites\/4\/2022\/05\/K2-maintenance.webp\" class=\"attachment-full size-full\" alt=\"\" srcset=\"https:\/\/recursing-feistel.82-165-223-183.plesk.page\/paris\/wp-content\/uploads\/sites\/4\/2022\/05\/K2-maintenance.webp 459w, https:\/\/recursing-feistel.82-165-223-183.plesk.page\/paris\/wp-content\/uploads\/sites\/4\/2022\/05\/K2-maintenance-275x300.webp 275w\" sizes=\"auto, (max-width: 459px) 100vw, 459px\" \/>\t\t\t\t\t\t\t\t\t\t\t\t\t\t\t<\/div>\n\t\t\t\t<\/div>\n\t\t\t\t\t<\/div>\n\t\t<\/div>\n\t\t\t\t<div class=\"elementor-column elementor-col-50 elementor-top-column elementor-element elementor-element-6fe4c62\" data-id=\"6fe4c62\" data-element_type=\"column\">\n\t\t\t<div class=\"elementor-widget-wrap elementor-element-populated\">\n\t\t\t\t\t\t\t\t<div class=\"elementor-element elementor-element-6d3be6e elementor-widget elementor-widget-heading\" data-id=\"6d3be6e\" data-element_type=\"widget\" data-widget_type=\"heading.default\">\n\t\t\t\t<div class=\"elementor-widget-container\">\n\t\t\t<h2 class=\"elementor-heading-title elementor-size-default\">Une forte relation client<\/h2>\t\t<\/div>\n\t\t\t\t<\/div>\n\t\t\t\t<div class=\"elementor-element elementor-element-0740640 elementor-widget elementor-widget-text-editor\" data-id=\"0740640\" data-element_type=\"widget\" data-widget_type=\"text-editor.default\">\n\t\t\t\t<div class=\"elementor-widget-container\">\n\t\t\t\t\t\t\tChez K2, la relation client est au centre de notre attention et c\u2019est pour cela que nous mettons toutes nos forces et notre savoir-faire pour entretenir et d\u00e9velopper des relations de confiance mutuelle bas\u00e9es sur la transparence et l\u2019\u00e9change.\n<br><br>\nNos distributeurs \u00e0 Paris consid\u00e8rent vos commentaires comme une source de conseils pour l\u2019am\u00e9lioration continue de nos services et la croissance de notre groupe.\n<br><br>\nPour renforcer cette relation, nous sommes ouverts \u00e0 toutes vos suggestions et propositions concernant nos services et produits. Nous avons mis en place plusieurs canaux de communication tels que le t\u00e9l\u00e9phone, le courrier \u00e9lectronique et les r\u00e9seaux sociaux tels que Facebook, Instagram, Linkedin\u2026\t\t\t\t\t\t<\/div>\n\t\t\t\t<\/div>\n\t\t\t\t\t<\/div>\n\t\t<\/div>\n\t\t\t\t\t\t\t<\/div>\n\t\t<\/section>\n\t\t\t\t\t\t\t<\/div>\n\t\t","protected":false},"excerpt":{"rendered":"<p>Service apr\u00e9s vente K2 PARIS La satisfaction du client est notre objectif L\u2019\u00e9quipe K2 Paris cherche toujours \u00e0 satisfaire sa\u2026<\/p>\n","protected":false},"author":1,"featured_media":0,"parent":0,"menu_order":0,"comment_status":"closed","ping_status":"closed","template":"","meta":{"site-sidebar-layout":"no-sidebar","site-content-layout":"page-builder","ast-global-header-display":"","ast-main-header-display":"","ast-hfb-above-header-display":"","ast-hfb-below-header-display":"","ast-hfb-mobile-header-display":"","site-post-title":"disabled","ast-breadcrumbs-content":"","ast-featured-img":"disabled","footer-sml-layout":"","theme-transparent-header-meta":"enabled","adv-header-id-meta":"","stick-header-meta":"","header-above-stick-meta":"","header-main-stick-meta":"","header-below-stick-meta":"","footnotes":""},"class_list":["post-1573","page","type-page","status-publish","hentry"],"_links":{"self":[{"href":"https:\/\/recursing-feistel.82-165-223-183.plesk.page\/paris\/wp-json\/wp\/v2\/pages\/1573","targetHints":{"allow":["GET"]}}],"collection":[{"href":"https:\/\/recursing-feistel.82-165-223-183.plesk.page\/paris\/wp-json\/wp\/v2\/pages"}],"about":[{"href":"https:\/\/recursing-feistel.82-165-223-183.plesk.page\/paris\/wp-json\/wp\/v2\/types\/page"}],"author":[{"embeddable":true,"href":"https:\/\/recursing-feistel.82-165-223-183.plesk.page\/paris\/wp-json\/wp\/v2\/users\/1"}],"replies":[{"embeddable":true,"href":"https:\/\/recursing-feistel.82-165-223-183.plesk.page\/paris\/wp-json\/wp\/v2\/comments?post=1573"}],"version-history":[{"count":73,"href":"https:\/\/recursing-feistel.82-165-223-183.plesk.page\/paris\/wp-json\/wp\/v2\/pages\/1573\/revisions"}],"predecessor-version":[{"id":2303,"href":"https:\/\/recursing-feistel.82-165-223-183.plesk.page\/paris\/wp-json\/wp\/v2\/pages\/1573\/revisions\/2303"}],"wp:attachment":[{"href":"https:\/\/recursing-feistel.82-165-223-183.plesk.page\/paris\/wp-json\/wp\/v2\/media?parent=1573"}],"curies":[{"name":"wp","href":"https:\/\/api.w.org\/{rel}","templated":true}]}}